{"id":6238,"date":"2025-11-19T20:32:56","date_gmt":"2025-11-19T19:32:56","guid":{"rendered":"https:\/\/omena-store.com\/?post_type=product&#038;p=6238"},"modified":"2025-11-19T20:34:04","modified_gmt":"2025-11-19T19:34:04","slug":"3-in-1-spiegel-schraper-met-verwijderbare-microvezeldoek","status":"publish","type":"product","link":"https:\/\/omena-store.com\/index.php\/product\/3-in-1-spiegel-schraper-met-verwijderbare-microvezeldoek\/","title":{"rendered":"3 in 1  Spiegel Schraper met Verwijderbare Microvezeldoek"},"content":{"rendered":"<p data-start=\"209\" data-end=\"601\"><span dir=\"auto\" style=\"vertical-align: inherit;\"><span dir=\"auto\" style=\"vertical-align: inherit;\">Ontdek deze slanke 3-in-1 glasreiniger, perfect voor je badkamer, keuken, raam of spiegel. In \u00e9\u00e9n handig handstuk verspreid het een spuitfles, een microvezeldoek \u00e9n een schraper \u2014 zo kun je effectief sproeien, boenen \u00e9n strepen verwijderen zonder meerdere schoonmaaktools te gebruiken. Het stevige huis is gemaakt van PP-plastic (polypropyleen), wat zorgt voor duurzaamheid en licht gewicht.<\/span><\/span><\/p>\n<p data-start=\"603\" data-end=\"951\"><span dir=\"auto\" style=\"vertical-align: inherit;\"><span dir=\"auto\" style=\"vertical-align: inherit;\">De microvezeldoek is verwijderbaar, zodat je hem kunt uitspoelen of vervangen na intensief gebruik. De schraper helpt soortgelijke vuilplekken te verwijderen, terwijl de spuitfunctie het reinigingsmiddel regelmatige verdeeldt over het oppervlak. Dankzij het ergonomische handvat kun je comfortabel werken en bereiken je ook moeilijk hoeken bereiken.<\/span><\/span><\/p>\n<p data-start=\"953\" data-end=\"1125\"><span dir=\"auto\" style=\"vertical-align: inherit;\"><span dir=\"auto\" style=\"vertical-align: inherit;\">Kortom: dit 3-in-1 gereedschap is een ruime en ruimtebesparende alleskunner die zowel je spiegels, ramen als andere gladde oppervlakken in huis snel en grondig schoonmaakt.<\/span><\/span><\/p>\n<div style=\"width: 640px;\" class=\"wp-video\"><!--[if lt IE 9]><script>document.createElement('video');<\/script><![endif]-->\n<video class=\"wp-video-shortcode\" id=\"video-6238-1\" width=\"640\" height=\"853\" preload=\"metadata\" controls=\"controls\"><source type=\"video\/mp4\" src=\"https:\/\/omena-store.com\/wp-content\/uploads\/2025\/11\/video-zeem.mp4?_=1\" \/><a href=\"https:\/\/omena-store.com\/wp-content\/uploads\/2025\/11\/video-zeem.mp4\">https:\/\/omena-store.com\/wp-content\/uploads\/2025\/11\/video-zeem.mp4<\/a><\/video><\/div>\n","protected":false},"excerpt":{"rendered":"<p data-start=\"1178\" data-end=\"1256\"><span dir=\"auto\" style=\"vertical-align: inherit;\"><span dir=\"auto\" style=\"vertical-align: inherit;\">Combineer <\/span><\/span><strong data-start=\"1189\" data-end=\"1202\"><span dir=\"auto\" style=\"vertical-align: inherit;\"><span dir=\"auto\" style=\"vertical-align: inherit;\">spuitfles<\/span><\/span><\/strong><span dir=\"auto\" style=\"vertical-align: inherit;\"><span dir=\"auto\" style=\"vertical-align: inherit;\"> , <\/span><\/span><strong data-start=\"1204\" data-end=\"1222\"><span dir=\"auto\" style=\"vertical-align: inherit;\"><span dir=\"auto\" style=\"vertical-align: inherit;\">microvezeldoek<\/span><\/span><\/strong><span dir=\"auto\" style=\"vertical-align: inherit;\"><span dir=\"auto\" style=\"vertical-align: inherit;\"> en <\/span><\/span><strong data-start=\"1226\" data-end=\"1238\"><span dir=\"auto\" style=\"vertical-align: inherit;\"><span dir=\"auto\" style=\"vertical-align: inherit;\">schraper<\/span><\/span><\/strong><span dir=\"auto\" style=\"vertical-align: inherit;\"><span dir=\"auto\" style=\"vertical-align: inherit;\"> in \u00e9\u00e9n apparaat<\/span><\/span><\/p>\n<p data-start=\"1259\" data-end=\"1296\"><span dir=\"auto\" style=\"vertical-align: inherit;\"><span dir=\"auto\" style=\"vertical-align: inherit;\">Gemaakt van <\/span><\/span><strong data-start=\"1271\" data-end=\"1294\"><span dir=\"auto\" style=\"vertical-align: inherit;\"><span dir=\"auto\" style=\"vertical-align: inherit;\">duurzaam PP-plastic<\/span><\/span><\/strong><\/p>\n<p data-start=\"1299\" data-end=\"1347\"><span dir=\"auto\" style=\"vertical-align: inherit;\"><span dir=\"auto\" style=\"vertical-align: inherit;\">Microvezeldoek is <\/span><\/span><strong data-start=\"1317\" data-end=\"1345\"><span dir=\"auto\" style=\"vertical-align: inherit;\"><span dir=\"auto\" style=\"vertical-align: inherit;\">verwijderbaar en wasbaar<\/span><\/span><\/strong><\/p>\n<p data-start=\"1350\" data-end=\"1398\"><span dir=\"auto\" style=\"vertical-align: inherit;\"><span dir=\"auto\" style=\"vertical-align: inherit;\">Ergonomisch handvat voor <\/span><\/span><strong data-start=\"1375\" data-end=\"1396\"><span dir=\"auto\" style=\"vertical-align: inherit;\"><span dir=\"auto\" style=\"vertical-align: inherit;\">eenvoudig gebruik<\/span><\/span><\/strong><\/p>\n<p data-start=\"1401\" data-end=\"1456\"><span dir=\"auto\" style=\"vertical-align: inherit;\"><span dir=\"auto\" style=\"vertical-align: inherit;\">Ideaal voor <\/span><\/span><strong data-start=\"1413\" data-end=\"1446\"><span dir=\"auto\" style=\"vertical-align: inherit;\"><span dir=\"auto\" style=\"vertical-align: inherit;\">ramen, spiegels, douchedeuren<\/span><\/span><\/strong><span dir=\"auto\" style=\"vertical-align: inherit;\"><span dir=\"auto\" style=\"vertical-align: inherit;\"> en meer<\/span><\/span><\/p>\n<p data-start=\"1459\" data-end=\"1518\"><span dir=\"auto\" style=\"vertical-align: inherit;\"><span dir=\"auto\" style=\"vertical-align: inherit;\">Geen elektriciteit of batterij nodig \u2014 volledig handmatig<\/span><\/span><\/p>\n<p data-start=\"1459\" data-end=\"1518\"><span dir=\"auto\" style=\"vertical-align: inherit;\"><span dir=\"auto\" style=\"vertical-align: inherit;\">Geleverd met 2 extra vervangende microvezeldoeken<\/span><\/span><\/p>\n","protected":false},"featured_media":6246,"comment_status":"open","ping_status":"closed","template":"","meta":[],"product_brand":[],"product_cat":[44,51,47],"product_tag":[],"class_list":{"0":"post-6238","1":"product","2":"type-product","3":"status-publish","4":"has-post-thumbnail","6":"product_cat-gadgets","7":"product_cat-wonen","8":"product_cat-keuken","10":"first","11":"instock","12":"taxable","13":"shipping-taxable","14":"purchasable","15":"product-type-variable"},"jetpack_sharing_enabled":true,"_links":{"self":[{"href":"https:\/\/omena-store.com\/index.php\/wp-json\/wp\/v2\/product\/6238","targetHints":{"allow":["GET"]}}],"collection":[{"href":"https:\/\/omena-store.com\/index.php\/wp-json\/wp\/v2\/product"}],"about":[{"href":"https:\/\/omena-store.com\/index.php\/wp-json\/wp\/v2\/types\/product"}],"replies":[{"embeddable":true,"href":"https:\/\/omena-store.com\/index.php\/wp-json\/wp\/v2\/comments?post=6238"}],"wp:featuredmedia":[{"embeddable":true,"href":"https:\/\/omena-store.com\/index.php\/wp-json\/wp\/v2\/media\/6246"}],"wp:attachment":[{"href":"https:\/\/omena-store.com\/index.php\/wp-json\/wp\/v2\/media?parent=6238"}],"wp:term":[{"taxonomy":"product_brand","embeddable":true,"href":"https:\/\/omena-store.com\/index.php\/wp-json\/wp\/v2\/product_brand?post=6238"},{"taxonomy":"product_cat","embeddable":true,"href":"https:\/\/omena-store.com\/index.php\/wp-json\/wp\/v2\/product_cat?post=6238"},{"taxonomy":"product_tag","embeddable":true,"href":"https:\/\/omena-store.com\/index.php\/wp-json\/wp\/v2\/product_tag?post=6238"}],"curies":[{"name":"wp","href":"https:\/\/api.w.org\/{rel}","templated":true}]}}