{"id":6649,"date":"2025-11-27T20:29:45","date_gmt":"2025-11-27T19:29:45","guid":{"rendered":"https:\/\/omena-store.com\/?post_type=product&#038;p=6649"},"modified":"2025-11-27T20:37:58","modified_gmt":"2025-11-27T19:37:58","slug":"directe-lift-dag-nacht-creme-24-uur-hydratatie","status":"publish","type":"product","link":"https:\/\/omena-store.com\/index.php\/product\/directe-lift-dag-nacht-creme-24-uur-hydratatie\/","title":{"rendered":"Directe Lift Dag &#038; Nacht Cr\u00e8me \u2013 24 Uur Hydratatie"},"content":{"rendered":"<p data-start=\"697\" data-end=\"1007\"><span dir=\"auto\" style=\"vertical-align: inherit;\"><span dir=\"auto\" style=\"vertical-align: inherit;\">Ervaar een zichtbaar gladdere, stevigere en stralendere huid binnen slechts enkele minuten met de <\/span><\/span><strong data-start=\"795\" data-end=\"844\"><span dir=\"auto\" style=\"vertical-align: inherit;\"><span dir=\"auto\" style=\"vertical-align: inherit;\">Instant Radiance Lift \u2013 24H Face Sculpt Cream<\/span><\/span><\/strong><span dir=\"auto\" style=\"vertical-align: inherit;\"><span dir=\"auto\" style=\"vertical-align: inherit;\"> . Deze revolutionaire dag- en nachtcr\u00e8me verspreidde krachtig actieve ingredi\u00ebnten met een luxueuze textuur voor een direct liftend \u00e9n duurzaam verjongend effect.<\/span><\/span><\/p>\n<p data-start=\"1009\" data-end=\"1290\"><span dir=\"auto\" style=\"vertical-align: inherit;\"><span dir=\"auto\" style=\"vertical-align: inherit;\">De formule is stabiel met <\/span><\/span><strong data-start=\"1036\" data-end=\"1049\"><span dir=\"auto\" style=\"vertical-align: inherit;\"><span dir=\"auto\" style=\"vertical-align: inherit;\">collageen<\/span><\/span><\/strong><span dir=\"auto\" style=\"vertical-align: inherit;\"><span dir=\"auto\" style=\"vertical-align: inherit;\"> voor stevigheid en elasticiteit, <\/span><\/span><strong data-start=\"1083\" data-end=\"1099\"><span dir=\"auto\" style=\"vertical-align: inherit;\"><span dir=\"auto\" style=\"vertical-align: inherit;\">hyaluronzuur<\/span><\/span><\/strong><span dir=\"auto\" style=\"vertical-align: inherit;\"><span dir=\"auto\" style=\"vertical-align: inherit;\"> voor diepe en langdurige hydratatie, <\/span><\/span><strong data-start=\"1137\" data-end=\"1148\"><span dir=\"auto\" style=\"vertical-align: inherit;\"><span dir=\"auto\" style=\"vertical-align: inherit;\">retinol<\/span><\/span><\/strong><span dir=\"auto\" style=\"vertical-align: inherit;\"><span dir=\"auto\" style=\"vertical-align: inherit;\"> voor huidvernieuwing en het zekere van fijne lijntjes, en <\/span><\/span><strong data-start=\"1209\" data-end=\"1228\"><span dir=\"auto\" style=\"vertical-align: inherit;\"><span dir=\"auto\" style=\"vertical-align: inherit;\">kurkuma-extract<\/span><\/span><\/strong><span dir=\"auto\" style=\"vertical-align: inherit;\"><span dir=\"auto\" style=\"vertical-align: inherit;\"> voor zijn bewezende, egaliserende en antioxidatieve werking.<\/span><\/span><\/p>\n<p data-start=\"1292\" data-end=\"1603\"><span dir=\"auto\" style=\"vertical-align: inherit;\"><span dir=\"auto\" style=\"vertical-align: inherit;\">Binnen <\/span><\/span><strong data-start=\"1299\" data-end=\"1312\"><span dir=\"auto\" style=\"vertical-align: inherit;\"><span dir=\"auto\" style=\"vertical-align: inherit;\">2 minuten<\/span><\/span><\/strong><span dir=\"auto\" style=\"vertical-align: inherit;\"><span dir=\"auto\" style=\"vertical-align: inherit;\"> voelt de huid direct strakker en gladder aan, terwijl bij dagelijks gebruik de huid zichtbaar steviger, voller en jeugdiger oogt. De zachte, alcoholvrije formule is geschikt voor <\/span><\/span><strong data-start=\"1492\" data-end=\"1510\"><span dir=\"auto\" style=\"vertical-align: inherit;\"><span dir=\"auto\" style=\"vertical-align: inherit;\">alle huidtypes<\/span><\/span><\/strong><span dir=\"auto\" style=\"vertical-align: inherit;\"><span dir=\"auto\" style=\"vertical-align: inherit;\"> , inclusief de gevoelige huid, en kan veilig gebruikt worden als <\/span><\/span><strong data-start=\"1575\" data-end=\"1602\"><span dir=\"auto\" style=\"vertical-align: inherit;\"><span dir=\"auto\" style=\"vertical-align: inherit;\">dag- \u00e9n nachtverzorging<\/span><\/span><\/strong><span dir=\"auto\" style=\"vertical-align: inherit;\"><span dir=\"auto\" style=\"vertical-align: inherit;\"> .<\/span><\/span><\/p>\n<p data-start=\"1605\" data-end=\"1818\"><span dir=\"auto\" style=\"vertical-align: inherit;\"><span dir=\"auto\" style=\"vertical-align: inherit;\">Deze cr\u00e8me is perfect voor wie op zoek is naar een <\/span><\/span><strong data-start=\"1656\" data-end=\"1719\"><span dir=\"auto\" style=\"vertical-align: inherit;\"><span dir=\"auto\" style=\"vertical-align: inherit;\">snelle lift, diepe hydratatie \u00e9n langdurige huidverbetering<\/span><\/span><\/strong><span dir=\"auto\" style=\"vertical-align: inherit;\"><span dir=\"auto\" style=\"vertical-align: inherit;\"> \u2014 zonder injecties of behandelingen. Een essentieel luxe product binnen elke moderne beautyroutine.<\/span><\/span><\/p>\n","protected":false},"excerpt":{"rendered":"<p data-start=\"336\" data-end=\"378\"><strong data-start=\"336\" data-end=\"378\"><span dir=\"auto\" style=\"vertical-align: inherit;\"><span dir=\"auto\" style=\"vertical-align: inherit;\">Direct liftend effect binnen 2 minuten<\/span><\/span><\/strong><\/p>\n<p data-start=\"381\" data-end=\"431\"><span dir=\"auto\" style=\"vertical-align: inherit;\"><span dir=\"auto\" style=\"vertical-align: inherit;\">Met <\/span><\/span><strong data-start=\"385\" data-end=\"431\"><span dir=\"auto\" style=\"vertical-align: inherit;\"><span dir=\"auto\" style=\"vertical-align: inherit;\">collageen, retinol, kurkuma &amp; hyaluronzuur<\/span><\/span><\/strong><\/p>\n<p data-start=\"434\" data-end=\"455\"><strong data-start=\"434\" data-end=\"455\"><span dir=\"auto\" style=\"vertical-align: inherit;\"><span dir=\"auto\" style=\"vertical-align: inherit;\">24 uur hydratatie<\/span><\/span><\/strong><\/p>\n<p data-start=\"458\" data-end=\"500\"><strong data-start=\"458\" data-end=\"500\"><span dir=\"auto\" style=\"vertical-align: inherit;\"><span dir=\"auto\" style=\"vertical-align: inherit;\">Verstevigend, gladmakend &amp; anti-rimpel<\/span><\/span><\/strong><\/p>\n<p data-start=\"503\" data-end=\"536\"><strong data-start=\"503\" data-end=\"536\"><span dir=\"auto\" style=\"vertical-align: inherit;\"><span dir=\"auto\" style=\"vertical-align: inherit;\">Alcoholvrij &amp; huidvriendelijk<\/span><\/span><\/strong><\/p>\n<p data-start=\"539\" data-end=\"571\"><span dir=\"auto\" style=\"vertical-align: inherit;\"><span dir=\"auto\" style=\"vertical-align: inherit;\">Geschikt voor <\/span><\/span><strong data-start=\"553\" data-end=\"571\"><span dir=\"auto\" style=\"vertical-align: inherit;\"><span dir=\"auto\" style=\"vertical-align: inherit;\">alle huidtypes<\/span><\/span><\/strong><\/p>\n<p data-start=\"574\" data-end=\"602\"><span dir=\"auto\" style=\"vertical-align: inherit;\"><span dir=\"auto\" style=\"vertical-align: inherit;\">Voor <\/span><\/span><strong data-start=\"579\" data-end=\"602\"><span dir=\"auto\" style=\"vertical-align: inherit;\"><span dir=\"auto\" style=\"vertical-align: inherit;\">dag &amp; nacht gebruik<\/span><\/span><\/strong><\/p>\n<p data-start=\"605\" data-end=\"630\"><span dir=\"auto\" style=\"vertical-align: inherit;\"><span dir=\"auto\" style=\"vertical-align: inherit;\">Voor <\/span><\/span><strong data-start=\"610\" data-end=\"630\"><span dir=\"auto\" style=\"vertical-align: inherit;\"><span dir=\"auto\" style=\"vertical-align: inherit;\">mannen &amp; vrouwen<\/span><\/span><\/strong><\/p>\n","protected":false},"featured_media":6661,"comment_status":"open","ping_status":"closed","template":"","meta":[],"product_brand":[],"product_cat":[62,49],"product_tag":[],"class_list":{"0":"post-6649","1":"product","2":"type-product","3":"status-publish","4":"has-post-thumbnail","6":"product_cat-nieuw","7":"product_cat-persoonlijke-verzorging","9":"first","10":"instock","11":"sale","12":"taxable","13":"shipping-taxable","14":"purchasable","15":"product-type-simple"},"jetpack_sharing_enabled":true,"_links":{"self":[{"href":"https:\/\/omena-store.com\/index.php\/wp-json\/wp\/v2\/product\/6649","targetHints":{"allow":["GET"]}}],"collection":[{"href":"https:\/\/omena-store.com\/index.php\/wp-json\/wp\/v2\/product"}],"about":[{"href":"https:\/\/omena-store.com\/index.php\/wp-json\/wp\/v2\/types\/product"}],"replies":[{"embeddable":true,"href":"https:\/\/omena-store.com\/index.php\/wp-json\/wp\/v2\/comments?post=6649"}],"wp:featuredmedia":[{"embeddable":true,"href":"https:\/\/omena-store.com\/index.php\/wp-json\/wp\/v2\/media\/6661"}],"wp:attachment":[{"href":"https:\/\/omena-store.com\/index.php\/wp-json\/wp\/v2\/media?parent=6649"}],"wp:term":[{"taxonomy":"product_brand","embeddable":true,"href":"https:\/\/omena-store.com\/index.php\/wp-json\/wp\/v2\/product_brand?post=6649"},{"taxonomy":"product_cat","embeddable":true,"href":"https:\/\/omena-store.com\/index.php\/wp-json\/wp\/v2\/product_cat?post=6649"},{"taxonomy":"product_tag","embeddable":true,"href":"https:\/\/omena-store.com\/index.php\/wp-json\/wp\/v2\/product_tag?post=6649"}],"curies":[{"name":"wp","href":"https:\/\/api.w.org\/{rel}","templated":true}]}}